{"id":2838,"date":"2023-08-24T13:11:31","date_gmt":"2023-08-24T11:11:31","guid":{"rendered":"https:\/\/onway.mediabees.net\/einkaufswagen\/"},"modified":"2023-10-27T10:01:38","modified_gmt":"2023-10-27T08:01:38","slug":"einkaufswagen","status":"publish","type":"page","link":"https:\/\/onway.mediabees.net\/tr\/einkaufswagen\/","title":{"rendered":"Al\u0131\u015fveri\u015f sepeti"},"content":{"rendered":"\t\t<div data-elementor-type=\"wp-page\" data-elementor-id=\"2838\" class=\"elementor elementor-2838 elementor-1122\" data-elementor-post-type=\"page\">\n\t\t\t\t\t\t<section class=\"elementor-section elementor-top-section elementor-element elementor-element-cd9e9ae elementor-section-full_width elementor-section-height-default elementor-section-height-default\" data-id=\"cd9e9ae\" data-element_type=\"section\" data-settings=\"{&quot;jet_parallax_layout_list&quot;:[]}\">\n\t\t\t\t\t\t<div class=\"elementor-container elementor-column-gap-no\">\n\t\t\t\t\t<div class=\"elementor-column elementor-col-100 elementor-top-column elementor-element elementor-element-56144bb2\" data-id=\"56144bb2\" data-element_type=\"column\">\n\t\t\t<div class=\"elementor-widget-wrap elementor-element-populated\">\n\t\t\t\t\t\t<div class=\"elementor-element elementor-element-c01cfca elementor-widget elementor-widget-shortcode\" data-id=\"c01cfca\" data-element_type=\"widget\" data-widget_type=\"shortcode.default\">\n\t\t\t\t<div class=\"elementor-widget-container\">\n\t\t\t\t\t<div class=\"elementor-shortcode\"><div class=\"woocommerce\">\n<div class=\"jet-woo-builder-woocommerce-empty-cart\">\n\t<style>.elementor-1458 .elementor-element.elementor-element-101c696 > .elementor-container{min-height:300px;}.elementor-1458 .elementor-element.elementor-element-101c696:not(.elementor-motion-effects-element-type-background), .elementor-1458 .elementor-element.elementor-element-101c696 > .elementor-motion-effects-container > .elementor-motion-effects-layer{background-image:url(\"https:\/\/onway.mediabees.net\/wp-content\/uploads\/2023\/09\/potted-plant-and-cardboard-boxes-in-a-new-apartment--scaled-e1695389732940.jpg\");background-position:center center;background-repeat:no-repeat;background-size:cover;}.elementor-1458 .elementor-element.elementor-element-101c696 > .elementor-background-overlay{background-color:transparent;background-image:linear-gradient(90deg, var( --e-global-color-9370e9c ) 0%, var( --e-global-color-primary ) 100%);opacity:0.8;transition:background 0.3s, border-radius 0.3s, opacity 0.3s;}.elementor-1458 .elementor-element.elementor-element-101c696{transition:background 0.3s, border 0.3s, border-radius 0.3s, box-shadow 0.3s;margin-top:0px;margin-bottom:0px;padding:0px 0px 0px 0px;}.elementor-1458 .elementor-element.elementor-element-8ede8a7 .elementor-heading-title{font-size:30px;}.elementor-1458 .elementor-element.elementor-element-c578d5d{padding:100px 50px 100px 50px;}.elementor-1458 .elementor-element.elementor-element-caf4810 > .elementor-element-populated{margin:0px 0px 0px 0px;--e-column-margin-right:0px;--e-column-margin-left:0px;padding:0px 0px 0px 0px;}.elementor-1458 .elementor-element.elementor-element-08b17b5 .elementor-button{border-radius:5px 5px 5px 5px;}.elementor-1458 .elementor-element.elementor-element-32cbd19 .cart-empty.woocommerce-info{border-style:solid;border-width:3px 0px 0px 0px;border-color:var( --e-global-color-primary );}.elementor-1458 .elementor-element.elementor-element-32cbd19 .cart-empty.woocommerce-info:before{color:var( --e-global-color-primary );font-size:16px;margin-right:10px;}:root{--page-title-display:none;}@media(min-width:1025px){.elementor-1458 .elementor-element.elementor-element-101c696:not(.elementor-motion-effects-element-type-background), .elementor-1458 .elementor-element.elementor-element-101c696 > .elementor-motion-effects-container > .elementor-motion-effects-layer{background-attachment:scroll;}}<\/style>\t\t<div data-elementor-type=\"jet-woo-builder-cart\" data-elementor-id=\"1458\" class=\"elementor elementor-1458\" data-elementor-post-type=\"jet-woo-builder\">\n\t\t\t\t\t\t<section class=\"elementor-section elementor-top-section elementor-element elementor-element-101c696 elementor-section-height-min-height elementor-section-boxed elementor-section-height-default elementor-section-items-middle\" data-id=\"101c696\" data-element_type=\"section\" data-settings=\"{&quot;jet_parallax_layout_list&quot;:[],&quot;background_background&quot;:&quot;classic&quot;}\">\n\t\t\t\t\t\t\t<div class=\"elementor-background-overlay\"><\/div>\n\t\t\t\t\t\t\t<div class=\"elementor-container elementor-column-gap-no\">\n\t\t\t\t\t<div class=\"elementor-column elementor-col-100 elementor-top-column elementor-element elementor-element-a29a282\" data-id=\"a29a282\" data-element_type=\"column\">\n\t\t\t<div class=\"elementor-widget-wrap elementor-element-populated\">\n\t\t\t\t\t\t<div class=\"elementor-element elementor-element-8ede8a7 elementor-widget elementor-widget-heading\" data-id=\"8ede8a7\" data-element_type=\"widget\" data-widget_type=\"heading.default\">\n\t\t\t\t<div class=\"elementor-widget-container\">\n\t\t\t<h1 class=\"elementor-heading-title elementor-size-default\">Ihr Warenkorb<\/h1>\t\t<\/div>\n\t\t\t\t<\/div>\n\t\t\t\t\t<\/div>\n\t\t<\/div>\n\t\t\t\t\t<\/div>\n\t\t<\/section>\n\t\t\t\t<section class=\"elementor-section elementor-top-section elementor-element elementor-element-c578d5d elementor-section-boxed elementor-section-height-default elementor-section-height-default\" data-id=\"c578d5d\" data-element_type=\"section\" data-settings=\"{&quot;jet_parallax_layout_list&quot;:[]}\">\n\t\t\t\t\t\t<div class=\"elementor-container elementor-column-gap-default\">\n\t\t\t\t\t<div class=\"elementor-column elementor-col-100 elementor-top-column elementor-element elementor-element-caf4810\" data-id=\"caf4810\" data-element_type=\"column\">\n\t\t\t<div class=\"elementor-widget-wrap elementor-element-populated\">\n\t\t\t\t\t\t<div class=\"elementor-element elementor-element-08b17b5 elementor-widget elementor-widget-button\" data-id=\"08b17b5\" data-element_type=\"widget\" data-widget_type=\"button.default\">\n\t\t\t\t<div class=\"elementor-widget-container\">\n\t\t\t\t\t<div class=\"elementor-button-wrapper\">\n\t\t\t<a class=\"elementor-button elementor-button-link elementor-size-sm\" href=\"https:\/\/onway.mediabees.net\/tr\/\">\n\t\t\t\t\t\t<span class=\"elementor-button-content-wrapper\">\n\t\t\t\t\t\t\t\t\t<span class=\"elementor-button-text\">Zur\u00fcck zur Startseite<\/span>\n\t\t\t\t\t<\/span>\n\t\t\t\t\t<\/a>\n\t\t<\/div>\n\t\t\t\t<\/div>\n\t\t\t\t<\/div>\n\t\t\t\t<div class=\"elementor-element elementor-element-32cbd19 elementor-widget elementor-widget-jet-cart-empty-message\" data-id=\"32cbd19\" data-element_type=\"widget\" data-widget_type=\"jet-cart-empty-message.default\">\n\t\t\t\t<div class=\"elementor-widget-container\">\n\t\t\t<div class=\"elementor-jet-cart-empty-message jet-woo-builder\"><\/div>\t\t<\/div>\n\t\t\t\t<\/div>\n\t\t\t\t\t<\/div>\n\t\t<\/div>\n\t\t\t\t\t<\/div>\n\t\t<\/section>\n\t\t\t\t<\/div>\n\t\t<\/div>\n<\/div><\/div>\n\t\t\t\t<\/div>\n\t\t\t\t<\/div>\n\t\t\t\t\t<\/div>\n\t\t<\/div>\n\t\t\t\t\t<\/div>\n\t\t<\/section>\n\t\t\t\t<\/div>\n\t\t","protected":false},"excerpt":{"rendered":"","protected":false},"author":1,"featured_media":0,"parent":0,"menu_order":0,"comment_status":"closed","ping_status":"closed","template":"","meta":{"footnotes":""},"class_list":["post-2838","page","type-page","status-publish","hentry"],"_links":{"self":[{"href":"https:\/\/onway.mediabees.net\/tr\/wp-json\/wp\/v2\/pages\/2838","targetHints":{"allow":["GET"]}}],"collection":[{"href":"https:\/\/onway.mediabees.net\/tr\/wp-json\/wp\/v2\/pages"}],"about":[{"href":"https:\/\/onway.mediabees.net\/tr\/wp-json\/wp\/v2\/types\/page"}],"author":[{"embeddable":true,"href":"https:\/\/onway.mediabees.net\/tr\/wp-json\/wp\/v2\/users\/1"}],"replies":[{"embeddable":true,"href":"https:\/\/onway.mediabees.net\/tr\/wp-json\/wp\/v2\/comments?post=2838"}],"version-history":[{"count":1,"href":"https:\/\/onway.mediabees.net\/tr\/wp-json\/wp\/v2\/pages\/2838\/revisions"}],"predecessor-version":[{"id":2960,"href":"https:\/\/onway.mediabees.net\/tr\/wp-json\/wp\/v2\/pages\/2838\/revisions\/2960"}],"wp:attachment":[{"href":"https:\/\/onway.mediabees.net\/tr\/wp-json\/wp\/v2\/media?parent=2838"}],"curies":[{"name":"wp","href":"https:\/\/api.w.org\/{rel}","templated":true}]}}