{"id":1219,"date":"2023-09-12T15:01:42","date_gmt":"2023-09-12T13:01:42","guid":{"rendered":"https:\/\/onway.mediabees.net\/?post_type=product&#038;p=1219"},"modified":"2023-11-06T01:21:51","modified_gmt":"2023-11-06T00:21:51","slug":"testartikel-1","status":"publish","type":"product","link":"https:\/\/onway.mediabees.net\/tr\/produkt\/testartikel-1\/","title":{"rendered":"Philips Hair Clipper Series 7000 Haarschneider mit Trim-n-Flow-Technologie (Modell HC7650\/15)"},"content":{"rendered":"<ul class=\"a-unordered-list a-vertical a-spacing-mini\">\n<li class=\"a-spacing-mini\"><span class=\"a-list-item\">Trim-n-Flow Pro-Technologie: Das Kammdesign entfernt abgeschnittene Haare sofort<\/span><\/li>\n<li class=\"a-spacing-mini\"><span class=\"a-list-item\">DualCut-Technologie: Eine innovative zweiseitige Klinge trimmt Haare 2\u00a0Mal so schnell wie einseitige<\/span><\/li>\n<li class=\"a-spacing-mini\"><span class=\"a-list-item\">28\u00a0L\u00e4ngeneinstellungen: Drehen Sie das Rad, um die gew\u00fcnschte L\u00e4nge auszuw\u00e4hlen und einzustellen<\/span><\/li>\n<li class=\"a-spacing-mini\"><span class=\"a-list-item\">Der Lithium-Ionen-Akku l\u00e4dt in 1\u00a0Stunde auf und hat eine Betriebszeit von bis zu 90\u00a0Minuten<\/span><\/li>\n<li class=\"a-spacing-mini\"><span class=\"a-list-item\">Lieferumfang: Series 7000 Haarschneider, Reinigungsb\u00fcrste, 1 Bartkamm, 2 Haark\u00e4mme, Etui<\/span><\/li>\n<li class=\"a-spacing-mini\"><span class=\"a-list-item\">Hinweis: Verpackung kann variieren<\/span><\/li>\n<\/ul>\n","protected":false},"excerpt":{"rendered":"<p>Lorem ipsum dolor sit amet, consectetur adipiscing elit. Ut elit tellus, luctus nec ullamcorper mattis, pulvinar dapibus leo. Lorem ipsum dolor sit amet, consectetur adipiscing elit. Ut elit tellus, luctus nec ullamcorper mattis, pulvinar dapibus leo.Lorem ipsum dolor sit amet, consectetur adipiscing elit. Ut elit tellus, luctus nec ullamcorper mattis, pulvinar dapibus leo.<\/p>\n","protected":false},"featured_media":2144,"comment_status":"open","ping_status":"closed","template":"","meta":[],"product_cat":[36],"product_tag":[55,56],"class_list":["post-1219","product","type-product","status-publish","has-post-thumbnail","hentry","product_cat-testartikel","product_tag-gruen","product_tag-im-trend"],"_links":{"self":[{"href":"https:\/\/onway.mediabees.net\/tr\/wp-json\/wp\/v2\/product\/1219","targetHints":{"allow":["GET"]}}],"collection":[{"href":"https:\/\/onway.mediabees.net\/tr\/wp-json\/wp\/v2\/product"}],"about":[{"href":"https:\/\/onway.mediabees.net\/tr\/wp-json\/wp\/v2\/types\/product"}],"replies":[{"embeddable":true,"href":"https:\/\/onway.mediabees.net\/tr\/wp-json\/wp\/v2\/comments?post=1219"}],"wp:featuredmedia":[{"embeddable":true,"href":"https:\/\/onway.mediabees.net\/tr\/wp-json\/wp\/v2\/media\/2144"}],"wp:attachment":[{"href":"https:\/\/onway.mediabees.net\/tr\/wp-json\/wp\/v2\/media?parent=1219"}],"wp:term":[{"taxonomy":"product_cat","embeddable":true,"href":"https:\/\/onway.mediabees.net\/tr\/wp-json\/wp\/v2\/product_cat?post=1219"},{"taxonomy":"product_tag","embeddable":true,"href":"https:\/\/onway.mediabees.net\/tr\/wp-json\/wp\/v2\/product_tag?post=1219"}],"curies":[{"name":"wp","href":"https:\/\/api.w.org\/{rel}","templated":true}]}}