{"id":2844,"date":"2023-09-26T13:38:58","date_gmt":"2023-09-26T11:38:58","guid":{"rendered":"https:\/\/onway.mediabees.net\/produkt\/da-by-led-mumlar-12li-pilli-mum-seti-2xh-20cm-2xh18cm-2x16cm-2xh14cm-2xh13cm-2xh12cm-uzaktan-kumandali-fildisi-balmumu-mum%ef%bc%88piller-dahil-degildir%ef%bc%89\/"},"modified":"2023-10-27T09:46:39","modified_gmt":"2023-10-27T07:46:39","slug":"da-by-led-battery-candles-set-of-12-2xh-20-cm-2x-h18-cm-2x16-cm-2xh14cm-2xh13cm-2xh12cm-ivory-wax-candle-with-remote-control%ef%bc%88batteries-not-contained%ef%bc%89","status":"publish","type":"product","link":"https:\/\/onway.mediabees.net\/tr\/produkt\/da-by-led-battery-candles-set-of-12-2xh-20-cm-2x-h18-cm-2x16-cm-2xh14cm-2xh13cm-2xh12cm-ivory-wax-candle-with-remote-control%ef%bc%88batteries-not-contained%ef%bc%89\/","title":{"rendered":"Da by LED mumlar, 12&#8217;li pilli mum seti (2xH 20cm, 2xH18cm, 2x16cm, 2xH14cm, 2xH13cm, 2xH12cm) uzaktan kumandal\u0131 fildi\u015fi balmumu mum\uff08Piller dahil de\u011fildir\uff09"},"content":{"rendered":"<ul class=\"a-unordered-list a-vertical a-spacing-mini\">\n<li class=\"a-spacing-mini\"><span class=\"a-list-item\">LED mumlar uzaktan kontrol edilebilir; Kolay ve rahat kullan\u0131m: Anahtar\u0131 uzaktan kumanda ile uzaktan kumanda ile kontrol edebilirsiniz. Zamanlay\u0131c\u0131 i\u015flevi, 2 saat, 4 saat, 6 saat, 8 saat ayarlaman\u0131za olanak tan\u0131r; zamanlay\u0131c\u0131 otomatik olarak a\u00e7\u0131l\u0131r ve kapan\u0131r. Her 24 saatte bir s\u00fcr\u00fcl\u00fcr.<\/span><\/li>\n<li class=\"a-spacing-mini\"><span class=\"a-list-item\">LED mumlar enerji tasarrufu sa\u011flar; Bu set 12 LED mum (H: 12CMx2, 13CMx2, 14CMx2, 16CMx2, 18CMx2, 20CMx2), uzaktan kumanda x 2 ile birlikte gelir. LED mumlar AA pillerle \u00e7al\u0131\u015f\u0131r (dahil de\u011fildir).<\/span><\/li>\n<li class=\"a-spacing-mini\"><span class=\"a-list-item\">LED mum, pille \u00e7al\u0131\u015f\u0131r, \u00f6nce g\u00fcvenlik. Bu LED pilli mumlar alev endi\u015fesi olmadan kullan\u0131labilir, kesinlikle yang\u0131n veya yanma tehlikesi yoktur ve evcil hayvanlar\u0131 veya k\u00fc\u00e7\u00fck \u00e7ocuklar\u0131 olan aileler i\u00e7in g\u00fcvenlidir. \u00c7arp\u0131c\u0131 alevsiz mum seti ile m\u00fckemmel geceyi huzur i\u00e7inde ge\u00e7irebilirsiniz.<\/span><\/li>\n<li class=\"a-spacing-mini\"><span class=\"a-list-item\">LED mum m\u00fckemmel dekorasyon: do\u011fum g\u00fcn\u00fc, Noel, ev dekorasyonu, bar, otel, parti, tatil, d\u00fc\u011f\u00fcn veya di\u011fer durumlarda yayg\u0131n olarak kullan\u0131labilir.<\/span><\/li>\n<li class=\"a-spacing-mini\"><span class=\"a-list-item\">Fla\u015f alev efekti: Bu LED mumlar o kadar ger\u00e7ek\u00e7idir ki, geleneksel yanan mumlardan neredeyse ay\u0131rt edilemezler. Alev sim\u00fclasyon teknolojisi mumlar\u0131n \u0131\u015f\u0131ldamas\u0131n\u0131 sa\u011flar ve her odaya en ger\u00e7ek\u00e7i deneyimi getirir.<\/span><\/li>\n<\/ul>\n","protected":false},"excerpt":{"rendered":"<p>Lorem ipsum dolor sit amet, consectetur adipiscing elit. Ut elit tellus, luctus nec ullamcorper mattis, pulvinar dapibus leo. Lorem ipsum dolor sit amet, consectetur adipiscing elit. Ut elit tellus, luctus nec ullamcorper mattis, pulvinar dapibus leo.Lorem ipsum dolor sit amet, consectetur adipiscing elit. Ut elit tellus, luctus nec ullamcorper mattis, pulvinar dapibus leo.<\/p>\n","protected":false},"featured_media":2764,"comment_status":"open","ping_status":"closed","template":"","meta":[],"product_cat":[79],"product_tag":[],"class_list":["post-2844","product","type-product","status-publish","has-post-thumbnail","hentry","product_cat-test-makalesi"],"_links":{"self":[{"href":"https:\/\/onway.mediabees.net\/tr\/wp-json\/wp\/v2\/product\/2844","targetHints":{"allow":["GET"]}}],"collection":[{"href":"https:\/\/onway.mediabees.net\/tr\/wp-json\/wp\/v2\/product"}],"about":[{"href":"https:\/\/onway.mediabees.net\/tr\/wp-json\/wp\/v2\/types\/product"}],"replies":[{"embeddable":true,"href":"https:\/\/onway.mediabees.net\/tr\/wp-json\/wp\/v2\/comments?post=2844"}],"wp:featuredmedia":[{"embeddable":true,"href":"https:\/\/onway.mediabees.net\/tr\/wp-json\/wp\/v2\/media\/2764"}],"wp:attachment":[{"href":"https:\/\/onway.mediabees.net\/tr\/wp-json\/wp\/v2\/media?parent=2844"}],"wp:term":[{"taxonomy":"product_cat","embeddable":true,"href":"https:\/\/onway.mediabees.net\/tr\/wp-json\/wp\/v2\/product_cat?post=2844"},{"taxonomy":"product_tag","embeddable":true,"href":"https:\/\/onway.mediabees.net\/tr\/wp-json\/wp\/v2\/product_tag?post=2844"}],"curies":[{"name":"wp","href":"https:\/\/api.w.org\/{rel}","templated":true}]}}