{"id":2849,"date":"2023-09-26T13:26:08","date_gmt":"2023-09-26T11:26:08","guid":{"rendered":"https:\/\/onway.mediabees.net\/produkt\/wemk-44-adet-kurutulmus-pampas-cimi-pampas-cimi-kurutulmus-cicek-dekoru-vazo-dahil-gercek-dogal-pampas-cimi-boho-dekoru-ev-dekorasyonu-oturma-odasi-dekoru-dueguen-cicekleri-icin\/"},"modified":"2023-10-27T09:46:41","modified_gmt":"2023-10-27T07:46:41","slug":"wemk-44-piece-pampas-grass-dried-pampas-grass-dry-flowers-deco-including-vase-actual-natural-pampas-grass-for-boho-deco-home-decoration-deco-living-room-wedding-flowers","status":"publish","type":"product","link":"https:\/\/onway.mediabees.net\/tr\/produkt\/wemk-44-piece-pampas-grass-dried-pampas-grass-dry-flowers-deco-including-vase-actual-natural-pampas-grass-for-boho-deco-home-decoration-deco-living-room-wedding-flowers\/","title":{"rendered":"Wemk 44 Adet Kurutulmu\u015f Pampas \u00c7imi, Pampas \u00c7imi Kurutulmu\u015f \u00c7i\u00e7ek Dekoru &#8211; Vazo Dahil, Ger\u00e7ek Do\u011fal Pampas \u00c7imi, Boho Dekoru, Ev Dekorasyonu, Oturma Odas\u0131 Dekoru, D\u00fc\u011f\u00fcn \u00c7i\u00e7ekleri i\u00e7in"},"content":{"rendered":"<ul class=\"a-unordered-list a-vertical a-spacing-mini\">\n<li class=\"a-spacing-mini\"><span class=\"a-list-item\">\ud83c\udf3b\u3010ERLESEN VAZO\u3011- Bu beyaz seramik vazo, her t\u00fcrl\u00fc dekorasyon fikrini tamamlayan d\u00fczg\u00fcn bir doku ve \u00f6zel buzlu bir his ile y\u00fcksek kaliteli beyaz porselenden yap\u0131lm\u0131\u015ft\u0131r. Y\u00fczey mat ve p\u00fcr\u00fczl\u00fcd\u00fcr, b\u00f6ylece elinizden kaymas\u0131 konusunda endi\u015felenmenize gerek kalmaz. \u0130pu\u00e7lar\u0131: \u00c7izilmelere neden olabilecek bir y\u00fczeye bast\u0131rman\u0131z\u0131 \u00f6nermiyoruz.<\/span><\/li>\n<li class=\"a-spacing-mini\"><span class=\"a-list-item\">\ud83c\udf3f\u3010DO\u011eADAN B\u0130R HED\u0130YE\u3011- Kurutulmu\u015f pampa otu do\u011fal, y\u00fcksek kaliteli kam\u0131\u015f otundan yap\u0131lm\u0131\u015ft\u0131r. Do\u011fal olarak hava ile kurutulur, toksik de\u011fildir ve g\u00fcvenlidir. Kabar\u0131k, yumu\u015fak ve \u0131\u015f\u0131lt\u0131l\u0131 pampa \u00e7imi evinizi g\u00fczelle\u015ftirecek, oturma odas\u0131, yatak odas\u0131, \u015f\u00f6mine raf\u0131 gibi her ortama zahmetsizce yerle\u015ftirebilir ve size bir pampa \u00e7ay\u0131r\u0131nda oturuyormu\u015f hissi vererek benzersiz bir dekorasyon deneyimi ya\u015fat\u0131r.<\/span><\/li>\n<li class=\"a-spacing-mini\"><span class=\"a-list-item\">\ud83c\udf3e\u30101&#8217;de \u00c7oklu Varyasyonlar\u3011- S\u00fcslemeniz i\u00e7in 8 beyaz pampa, 8 kahverengi pampa, 8 kam\u0131\u015f otu ve 20 tav\u015fan kuyru\u011fu otu (kadife otu) olmak \u00fczere 4 farkl\u0131 do\u011fal pampa bitkisini (toplam 44 adet) \u00f6zenle se\u00e7tik. Kuru \u00e7i\u00e7ek buketinin toplam y\u00fcksekli\u011fi yakla\u015f\u0131k 40 &#8211; 42 cm&#8217;dir (15,7 &#8211; 16,5 in\u00e7). Kurutulmu\u015f \u00e7i\u00e7eklerin boyunu istedi\u011finiz gibi k\u0131saltabilir ve onlar\u0131 d\u00fczenlerken e\u011flenebilirsiniz.<\/span><\/li>\n<li class=\"a-spacing-mini\"><span class=\"a-list-item\">\ud83c\udf38\u3010Benzersiz ve \u015eIK DEKORASYON\u3011- \u0130peksi yumu\u015fak bir dokunu\u015fa sahip olan bu pampa bitkileri bir\u00e7ok senaryo i\u00e7in uygundur ve ev, ofis, partiler, bah\u00e7e, festival, d\u00fc\u011f\u00fcn, balkon ve boho kuru \u00e7i\u00e7ek aranjmanlar\u0131 i\u00e7in kullan\u0131labilir. Arkada\u015flar\u0131n\u0131z, aileniz veya sevdikleriniz i\u00e7in farkl\u0131 durumlarda, do\u011fum g\u00fcn\u00fc hediyesi, boho d\u00fc\u011f\u00fcnleri i\u00e7in dekorasyon vb. i\u00e7in benzersiz bir hediyedir.<\/span><\/li>\n<li class=\"a-spacing-mini\"><span class=\"a-list-item\">\ud83d\udc90\u3010SEVG\u0130L\u0130 \u0130PU\u00c7LARI\u3011L\u00fctfen dikkatlice \u00e7\u0131kar\u0131n ve her bir kam\u0131\u015f\u0131 hafif\u00e7e sallay\u0131n. Pampas otunu kabar\u0131k hale getirmek i\u00e7in birka\u00e7 saat g\u00fcne\u015fte b\u0131rakabilirsiniz (veya kabar\u0131k hale gelene kadar sa\u00e7 kurutma makinesiyle \u00fcfleyebilirsiniz). Vazoya yerle\u015ftirdikten sonra, bu kadar \u00e7abuk d\u00f6k\u00fclmemeleri ve pampas otunun daha uzun s\u00fcre kabar\u0131k kalmas\u0131 i\u00e7in \u00fczerlerine hafif\u00e7e sa\u00e7 spreyi s\u0131kabilirsiniz! G\u00fcne\u015fte ne kadar uzun s\u00fcre kal\u0131rsa, t\u00fcyleri o kadar kabar\u0131k olur.<\/span><\/li>\n<\/ul>\n","protected":false},"excerpt":{"rendered":"<p>Lorem ipsum dolor sit amet, consectetur adipiscing elit. Ut elit tellus, luctus nec ullamcorper mattis, pulvinar dapibus leo. Lorem ipsum dolor sit amet, consectetur adipiscing elit. Ut elit tellus, luctus nec ullamcorper mattis, pulvinar dapibus leo.Lorem ipsum dolor sit amet, consectetur adipiscing elit. Ut elit tellus, luctus nec ullamcorper mattis, pulvinar dapibus leo.<\/p>\n","protected":false},"featured_media":2764,"comment_status":"open","ping_status":"closed","template":"","meta":[],"product_cat":[79],"product_tag":[],"class_list":["post-2849","product","type-product","status-publish","has-post-thumbnail","hentry","product_cat-test-makalesi"],"_links":{"self":[{"href":"https:\/\/onway.mediabees.net\/tr\/wp-json\/wp\/v2\/product\/2849","targetHints":{"allow":["GET"]}}],"collection":[{"href":"https:\/\/onway.mediabees.net\/tr\/wp-json\/wp\/v2\/product"}],"about":[{"href":"https:\/\/onway.mediabees.net\/tr\/wp-json\/wp\/v2\/types\/product"}],"replies":[{"embeddable":true,"href":"https:\/\/onway.mediabees.net\/tr\/wp-json\/wp\/v2\/comments?post=2849"}],"wp:featuredmedia":[{"embeddable":true,"href":"https:\/\/onway.mediabees.net\/tr\/wp-json\/wp\/v2\/media\/2764"}],"wp:attachment":[{"href":"https:\/\/onway.mediabees.net\/tr\/wp-json\/wp\/v2\/media?parent=2849"}],"wp:term":[{"taxonomy":"product_cat","embeddable":true,"href":"https:\/\/onway.mediabees.net\/tr\/wp-json\/wp\/v2\/product_cat?post=2849"},{"taxonomy":"product_tag","embeddable":true,"href":"https:\/\/onway.mediabees.net\/tr\/wp-json\/wp\/v2\/product_tag?post=2849"}],"curies":[{"name":"wp","href":"https:\/\/api.w.org\/{rel}","templated":true}]}}