{"id":2866,"date":"2023-09-26T13:23:39","date_gmt":"2023-09-26T11:23:39","guid":{"rendered":"https:\/\/onway.mediabees.net\/produkt\/temperli-cam-akilli-telefon-ekran-koruyucusu-iphone-13-ve-13-pro-icin-2li-paket-7-l-x-362-w-cm\/"},"modified":"2023-10-27T09:46:55","modified_gmt":"2023-10-27T07:46:55","slug":"amazon-basics-akilli-telefon-ekran-koruma-sertlestirilmis-cam-icin-iphone-13-and-13-per-2-pack-7-l-x-3-62-b-cm","status":"publish","type":"product","link":"https:\/\/onway.mediabees.net\/tr\/produkt\/amazon-basics-akilli-telefon-ekran-koruma-sertlestirilmis-cam-icin-iphone-13-and-13-per-2-pack-7-l-x-3-62-b-cm\/","title":{"rendered":"Temperli cam ak\u0131ll\u0131 telefon ekran koruyucusu, iPhone 13 ve 13 Pro i\u00e7in, 2&#8217;li paket, 7 L x 3,62 W cm"},"content":{"rendered":"<ul class=\"a-unordered-list a-vertical a-spacing-mini\">\n<li class=\"a-spacing-mini\"><span class=\"a-list-item\">iPhone 13 ve iPhone 13 Pro i\u00e7in cam ekran koruyucu; ekran\u0131 a\u015f\u0131nma ve \u00e7izilmelere kar\u015f\u0131 korumaya yard\u0131mc\u0131 olur<\/span><\/li>\n<li class=\"a-spacing-mini\"><span class=\"a-list-item\">2 ekran koruyucu, bir temizleme kiti, kolay ve hassas uygulama i\u00e7in bir hizalama \u00e7er\u00e7evesi ve talimatlar (Almanca olmayabilir) i\u00e7erir.<\/span><\/li>\n<li class=\"a-spacing-mini\"><span class=\"a-list-item\">Dayan\u0131kl\u0131 Japon soda-kire\u00e7 berrakl\u0131\u011f\u0131nda camdan yap\u0131lm\u0131\u015ft\u0131r<\/span><\/li>\n<li class=\"a-spacing-mini\"><span class=\"a-list-item\">Kal\u0131c\u0131, entegre, s\u00fcper hidrofobik ve oleofobik tasar\u0131ma sahip parmak izi b\u0131rakmayan y\u00fczey; tipik kaplamalar gibi \u00e7izilmez veya a\u015f\u0131nmaz<\/span><\/li>\n<li class=\"a-spacing-mini\"><span class=\"a-list-item\">\u0130yon de\u011fi\u015ftirme i\u015flemi ile g\u00fc\u00e7lendirilmi\u015f kenarl\u0131 cam; \u00e7izilmelere ve k\u0131r\u0131lmalara kar\u015f\u0131 3 ila 5 derece dayan\u0131kl\u0131<\/span><\/li>\n<li class=\"a-spacing-mini\"><span class=\"a-list-item\">En iyi performans ve kullan\u0131c\u0131 deneyimi i\u00e7in optimize edilmi\u015f 0,33 mm kal\u0131nl\u0131k<\/span><\/li>\n<\/ul>\n","protected":false},"excerpt":{"rendered":"<p>Lorem ipsum dolor sit amet, consectetur adipiscing elit. Ut elit tellus, luctus nec ullamcorper mattis, pulvinar dapibus leo. Lorem ipsum dolor sit amet, consectetur adipiscing elit. Ut elit tellus, luctus nec ullamcorper mattis, pulvinar dapibus leo.Lorem ipsum dolor sit amet, consectetur adipiscing elit. Ut elit tellus, luctus nec ullamcorper mattis, pulvinar dapibus leo.<\/p>\n","protected":false},"featured_media":2764,"comment_status":"open","ping_status":"closed","template":"","meta":[],"product_cat":[79],"product_tag":[],"class_list":["post-2866","product","type-product","status-publish","has-post-thumbnail","hentry","product_cat-test-makalesi"],"_links":{"self":[{"href":"https:\/\/onway.mediabees.net\/tr\/wp-json\/wp\/v2\/product\/2866","targetHints":{"allow":["GET"]}}],"collection":[{"href":"https:\/\/onway.mediabees.net\/tr\/wp-json\/wp\/v2\/product"}],"about":[{"href":"https:\/\/onway.mediabees.net\/tr\/wp-json\/wp\/v2\/types\/product"}],"replies":[{"embeddable":true,"href":"https:\/\/onway.mediabees.net\/tr\/wp-json\/wp\/v2\/comments?post=2866"}],"wp:featuredmedia":[{"embeddable":true,"href":"https:\/\/onway.mediabees.net\/tr\/wp-json\/wp\/v2\/media\/2764"}],"wp:attachment":[{"href":"https:\/\/onway.mediabees.net\/tr\/wp-json\/wp\/v2\/media?parent=2866"}],"wp:term":[{"taxonomy":"product_cat","embeddable":true,"href":"https:\/\/onway.mediabees.net\/tr\/wp-json\/wp\/v2\/product_cat?post=2866"},{"taxonomy":"product_tag","embeddable":true,"href":"https:\/\/onway.mediabees.net\/tr\/wp-json\/wp\/v2\/product_tag?post=2866"}],"curies":[{"name":"wp","href":"https:\/\/api.w.org\/{rel}","templated":true}]}}